{"id":11,"date":"2016-10-24T10:13:57","date_gmt":"2016-10-24T08:13:57","guid":{"rendered":"http:\/\/may-malermeister.de\/?page_id=11"},"modified":"2016-10-24T10:15:31","modified_gmt":"2016-10-24T08:15:31","slug":"karitativ","status":"publish","type":"page","link":"https:\/\/may-malermeister.de\/en\/karitativ\/","title":{"rendered":"Karitativ"},"content":{"rendered":"<p>[vc_row][vc_column][vc_empty_space][vc_single_image image=&#8220;38&#8243; img_size=&#8220;full&#8220;][vc_empty_space][vc_dropcaps style=&#8220;twc_dc_container&#8220; text=&#8220;Soziales und b\u00fcrgerschaftliches Engagement sind ein Beitrag zum Gemeinwohl, der soziale Netzwerke und Einrichtungen st\u00e4rkt und unterst\u00fctzt. Die Bildung von sozialem Kapital soll so ausgebaut werden. Auch wir als Unternehmen sehen uns in der Verantwortung hier einen Beitrag zu leisten und f\u00f6rdern zum Einen gezielt Jugendprogramme, da wir dort die Basis der Notwendigkeit sehen. So ist die Firma May seit Jahren im B\u00fcndnis vieler weiterer Unternehmen Sponsor der Fu\u00dfballjugend des Rood-Groen LVC\u00b401. Wir sehen dort den Einstieg in Integration und Zusammengeh\u00f6rigkeit in Kombination mit gesellschaftlicher Anbindung und Ablenkung vom Alltag. Auch der Karneval bietet eine gute Plattform f\u00fcr kultivierte und gesellschaftliche Integration. Auch hier treten wir als G\u00f6nner und Unterst\u00fctzer kleiner Vereine auf, die es noch verstehen, dass Karneval ein b\u00fcrgernahes Fest f\u00fcr jedermann ist.<br \/>\n&#8220; bg_color=&#8220;#1e73be&#8220; dc_color=&#8220;#ffffff&#8220;][vc_empty_space][vc_dropcaps style=&#8220;twc_dc_container&#8220; text=&#8220;Zum Anderen ist unsere Firma mit gro\u00dfer Freude und Motivation, Menschen zu helfen die in Not und \/ oder auf Hilfe angewiesen sind, beim 4. Aachener Firmenlauf an den Start gegangen. Mit sechs Teilnehmern stellten wir uns den 9,6 km f\u00fcr den guten Zweck. Durch die hervorragende Organisation und die vorbildliche Teilnahme vieler Aachener Unternehmen sind letztendlich 15.000\u20ac zusammen gekommen, die auf drei Beg\u00fcnstigte aufgeteilt wurden. So erhielten der F\u00f6rderkreis f\u00fcr schwerkranke Kinder e.V. in der Region Aachen und Malaika e.V. Verein zur F\u00f6rderung der Lern- und Lebensfreude jeweils 6.000\u20ac und der evangelische Frauenverein Aachen 3.000\u20ac.<br \/>\nWie selbstverst\u00e4ndlich k\u00fcndigten bereits nach dem Lauf unsere Mitarbeiter deren Teilnahme f\u00fcr den Aachener Firmenlauf in 2016 an.<br \/>\n&#8220; bg_color=&#8220;#1e73be&#8220; dc_color=&#8220;#ffffff&#8220;][\/vc_column][\/vc_row][vc_row][vc_column][\/vc_column][\/vc_row][vc_row][vc_column][\/vc_column][\/vc_row]<\/p>\n","protected":false},"excerpt":{"rendered":"<p>[vc_row][vc_column][vc_empty_space][vc_single_image image=&#8220;38&#8243; img_size=&#8220;full&#8220;][vc_empty_space][vc_dropcaps style=&#8220;twc_dc_container&#8220; text=&#8220;Soziales und b\u00fcrgerschaftliches Engagement sind ein Beitrag zum Gemeinwohl, der soziale Netzwerke und Einrichtungen st\u00e4rkt und unterst\u00fctzt. Die Bildung von sozialem Kapital soll so ausgebaut werden. Auch wir als Unternehmen sehen uns in der Verantwortung hier einen Beitrag zu leisten und f\u00f6rdern zum Einen gezielt Jugendprogramme, da wir dort die Basis der Notwendigkeit sehen. So ist die Firma May seit Jahren im B\u00fcndnis vieler weiterer Unternehmen Sponsor der Fu\u00dfballjugend des Rood-Groen&#8230;  <\/p>\n<div class=\"read-more\"><a class=\"excerpt-read-more\" href=\"https:\/\/may-malermeister.de\/en\/karitativ\/\" title=\"Continue reading Karitativ\">Read more<i class=\"fa fa-angle-right\"><\/i><\/a><\/div>\n","protected":false},"author":1,"featured_media":0,"parent":0,"menu_order":0,"comment_status":"closed","ping_status":"closed","template":"","meta":[],"translation":{"provider":"WPGlobus","version":"2.10.4","language":"en","enabled_languages":["de","en","nl"],"languages":{"de":{"title":true,"content":true,"excerpt":false},"en":{"title":false,"content":false,"excerpt":false},"nl":{"title":false,"content":false,"excerpt":false}}},"_links":{"self":[{"href":"https:\/\/may-malermeister.de\/en\/wp-json\/wp\/v2\/pages\/11"}],"collection":[{"href":"https:\/\/may-malermeister.de\/en\/wp-json\/wp\/v2\/pages"}],"about":[{"href":"https:\/\/may-malermeister.de\/en\/wp-json\/wp\/v2\/types\/page"}],"author":[{"embeddable":true,"href":"https:\/\/may-malermeister.de\/en\/wp-json\/wp\/v2\/users\/1"}],"replies":[{"embeddable":true,"href":"https:\/\/may-malermeister.de\/en\/wp-json\/wp\/v2\/comments?post=11"}],"version-history":[{"count":4,"href":"https:\/\/may-malermeister.de\/en\/wp-json\/wp\/v2\/pages\/11\/revisions"}],"predecessor-version":[{"id":123,"href":"https:\/\/may-malermeister.de\/en\/wp-json\/wp\/v2\/pages\/11\/revisions\/123"}],"wp:attachment":[{"href":"https:\/\/may-malermeister.de\/en\/wp-json\/wp\/v2\/media?parent=11"}],"curies":[{"name":"wp","href":"https:\/\/api.w.org\/{rel}","templated":true}]}}