{"id":7,"date":"2016-10-24T10:04:59","date_gmt":"2016-10-24T08:04:59","guid":{"rendered":"http:\/\/may-malermeister.de\/?page_id=7"},"modified":"2016-10-24T10:12:56","modified_gmt":"2016-10-24T08:12:56","slug":"leistungen","status":"publish","type":"page","link":"https:\/\/may-malermeister.de\/nl\/leistungen\/","title":{"rendered":"Leistungen"},"content":{"rendered":"<p>[vc_row top=&#8220;180px&#8220; bottom=&#8220;120px&#8220; content_fadeout=&#8220;content-fadeout&#8220; bg_type=&#8220;image&#8220; bg_position=&#8220;&#8220; overlay_pattern=&#8220;sm_cell_b&#8220; overlay_pattern_op=&#8220;0.1&#8243; bg_color=&#8220;#3e4058&#8243; bg_image=&#8220;18&#8243;][vc_column][vc_heading h_size=&#8220;h-extralarge&#8220; title=&#8220;Leistungen&#8220; title_color=&#8220;#ffffff&#8220; subtitle=&#8220;F\u00fcr jeden das Richtige.&#8220; subtitle_color=&#8220;#ffffff&#8220; divider=&#8220;div-between&#8220; divider_type=&#8220;div-narrow-thick&#8220; divider_color=&#8220;#30b9e6&#8243;][\/vc_column][\/vc_row][vc_row top=&#8220;80px&#8220; bottom=&#8220;80px&#8220; bg_color=&#8220;#fafaf9&#8243;][vc_column][vc_heading title=&#8220;Spezialist f\u00fcr klassische und moderne Raumgestaltung&#8220; divider=&#8220;div-between&#8220; divider_color=&#8220;#30b9e6&#8243;][vc_empty_space height=&#8220;20px&#8220;][vc_column_text]Vor jeder Ausf\u00fchrung steht die fachgerechte Beratung und stilsichere Planung Ihres Vorhabens.<\/p>\n<p>Zu Gestaltungsm\u00f6glichkeiten fertigen wir daher gerne individuelle Muster zur Veranschaulichung an. Wir planen gemeinsam mit Ihnen in Ruhe und im pers\u00f6nlichen Gespr\u00e4ch vor Ort; auf Wunsch auch mit unseren zuverl\u00e4ssigen Partnern anderer Gewerke.<\/p>\n<p>Unser Anspruch ist die vollst\u00e4ndige Zufriedenheit unserer Kunden, die wir durch unsere langj\u00e4hrige Erfahrung gekoppelt mit kreativen und zeitgem\u00e4\u00dfen Ideen in Kombination mit besten Materialien und bestens ausgebildeten Mitarbeitern erreichen m\u00f6chten.<\/p>\n<p>Und nat\u00fcrlich arbeitet der Chef bei uns noch selbst. Das macht den Unterschied![\/vc_column_text][\/vc_column][\/vc_row][vc_row top=&#8220;80px&#8220; bottom=&#8220;80px&#8220; row_show_on=&#8220;hide_tablet_portrait,hide_mobile_landscape,hide_mobile_portrait&#8220;][vc_column width=&#8220;2\/3&#8243; css=&#8220;.vc_custom_1424825654362{padding-right: 60px !important;}&#8220;][vc_tabs][vc_tab type=&#8220;linecons&#8220; icon_linecons=&#8220;vc_li vc_li-star&#8220; title=&#8220;Angebote&#8220; tab_id=&#8220;1424820133-1-38&#8243; icon_name=&#8220;li_banknote&#8220;][vc_toggle title=&#8220;Tapezierarbeiten&#8220; open=&#8220;true&#8220;]Tapezierung s\u00e4mtlicher Wandbel\u00e4ge von Papier- und Vlies- \u00fcber Foto-, Metall- und Textiltapete.[\/vc_toggle][vc_toggle title=&#8220;Anstrich&#8220; open=&#8220;true&#8220;]Neu- und Renovierungsanstriche, l\u00f6semittelfrei und Allergiker geeignet, mineralische Anstriche, Lackierarbeiten auf Alkyd- und Acrylbasis.[\/vc_toggle][vc_toggle title=&#8220;Klassisch&#8220;]Montage von Echtstuckprofilen, Schmucketechniken, Lichtausschnitte, Vergoldungen.[\/vc_toggle][vc_toggle title=&#8220;Modern&#8220;]Spachteltechniken, Metallic Oberfl\u00e4chen, Betonlook, Rostapplikationen.[\/vc_toggle][\/vc_tab][vc_tab type=&#8220;linecons&#8220; icon_linecons=&#8220;vc_li vc_li-settings&#8220; title=&#8220;Weiteres&#8220; tab_id=&#8220;1424821974433-3-7&#8243; icon_name=&#8220;icon-wrench&#8220;][vc_toggle title=&#8220;Malerei&#8220;]Realisierung individueller Kundenw\u00fcnsche, Freihandmalerei, Natursteinimitation.[\/vc_toggle][vc_toggle title=&#8220;Restaurierung&#8220;]Erhaltung und Wiederherstellung (kunst-) handwerklicher Objekte.[\/vc_toggle][vc_toggle title=&#8220;Fassade&#8220;]Sanierung, Instandsetzung und Gestaltung von Au\u00dfenfassaden (kein WDVS).[\/vc_toggle][vc_toggle title=&#8220;M\u00f6bel&#8220;]M\u00f6belmanufraktur und Restaurierung, Lackierung, Renovierung von K\u00fcchenfronten, sowie An- und Verkauf von Stilm\u00f6bel.[\/vc_toggle][\/vc_tab][vc_tab type=&#8220;linecons&#8220; icon_linecons=&#8220;vc_li vc_li-shop&#8220; title=&#8220;Auch f\u00fcr Gewerbe&#8220; tab_id=&#8220;1424821506700-4-2&#8243; icon_name=&#8220;icon-earphones-alt&#8220;][vc_toggle title=&#8220;Beschreibung&#8220;]Die Ausf\u00fchrung von Malerarbeiten in Objekten wie Wohn- \/ Gesch\u00e4ftsh\u00e4usern, \u00f6ffentlichen Geb\u00e4uden oder Gewerbeeinheiten verlangt neben einer sauberen und rationellen Ausf\u00fchrung eine perfekte Planung ohne etwaige Abl\u00e4ufe zu st\u00f6ren.<\/p>\n<p>Von schneller Angebotsfertigung, konkreten Absprachen \u00fcber geeignete Produktauswahl bis hin zur termintreuen Ausf\u00fchrung versuchen wir von Beginn an den Grundstein f\u00fcr eine produktive Zusammenarbeit zu legen.[\/vc_toggle][vc_toggle title=&#8220;Angebote&#8220;]Betoninstandsetzung<\/p>\n<p>Renovierungsanstriche<\/p>\n<p>Wasserschadenbeseitigung<\/p>\n<p>Schimmelsanierung<\/p>\n<p>Graffitibeseitigung und \u2013pr\u00e4vention<\/p>\n<p>Wartungsarbeiten[\/vc_toggle][\/vc_tab][\/vc_tabs][\/vc_column][vc_column width=&#8220;1\/3&#8243;][vc_row_inner el_class=&#8220;center&#8220;][vc_column_inner css=&#8220;.vc_custom_1424841195464{border-top-width: 1px !important;border-right-width: 1px !important;border-bottom-width: 1px !important;border-left-width: 1px !important;padding-top: 10px !important;padding-right: 40px !important;padding-bottom: 10px !important;padding-left: 40px !important;background-color: #fafaf9 !important;border-left-color: #ededed !important;border-left-style: solid !important;border-right-color: #ededed !important;border-right-style: solid !important;border-top-color: #ededed !important;border-top-style: solid !important;border-bottom-color: #ededed !important;border-bottom-style: solid !important;}&#8220;][vc_empty_space height=&#8220;30px&#8220;][vc_separator width=&#8220;80px&#8220; align=&#8220;none&#8220;][vc_single_image image=&#8220;32&#8243; alignment=&#8220;center&#8220;][vc_empty_space height=&#8220;30px&#8220;][\/vc_column_inner][\/vc_row_inner][\/vc_column][\/vc_row][vc_row top=&#8220;80px&#8220; bottom=&#8220;80px&#8220; row_show_on=&#8220;hide_on_normal_screen,hide_tablet_landscape&#8220;][vc_column width=&#8220;1\/2&#8243;][vc_accordion][vc_accordion_tab title=&#8220;Leistungen&#8220;][vc_toggle title=&#8220;Tapezierarbeiten&#8220; open=&#8220;true&#8220;]Tapezierung s\u00e4mtlicher Wandbel\u00e4ge von Papier- und Vlies- \u00fcber Foto-, Metall- und Textiltapete.[\/vc_toggle][vc_toggle title=&#8220;Anstrich&#8220; open=&#8220;true&#8220;]Neu- und Renovierungsanstriche, l\u00f6semittelfrei und Allergiker geeignet, mineralische Anstriche, Lackierarbeiten auf Alkyd- und Acrylbasis.[\/vc_toggle][vc_toggle title=&#8220;Klassisch&#8220;]Montage von Echtstuckprofilen, Schmucketechniken, Lichtausschnitte, Vergoldungen.[\/vc_toggle][vc_toggle title=&#8220;Modern&#8220;]Spachteltechniken, Metallic Oberfl\u00e4chen, Betonlook, Rostapplikationen.[\/vc_toggle][\/vc_accordion_tab][vc_accordion_tab title=&#8220;Weiteres&#8220;][vc_toggle title=&#8220;Malerei&#8220;]Realisierung individueller Kundenw\u00fcnsche, Freihandmalerei, Natursteinimitation.[\/vc_toggle][vc_toggle title=&#8220;Restaurierung&#8220;]Erhaltung und Wiederherstellung (kunst-) handwerklicher Objekte.[\/vc_toggle][vc_toggle title=&#8220;Fassade&#8220;]Sanierung, Instandsetzung und Gestaltung von Au\u00dfenfassaden (kein WDVS).[\/vc_toggle][vc_toggle title=&#8220;M\u00f6bel&#8220;]M\u00f6belmanufraktur und Restaurierung, Lackierung, Renovierung von K\u00fcchenfronten, sowie An- und Verkauf von Stilm\u00f6bel.[\/vc_toggle][\/vc_accordion_tab][vc_accordion_tab title=&#8220;Auch f\u00fcr Gewerbe&#8220;][vc_toggle title=&#8220;Beschreibung&#8220;]Die Ausf\u00fchrung von Malerarbeiten in Objekten wie Wohn- \/ Gesch\u00e4ftsh\u00e4usern, \u00f6ffentlichen Geb\u00e4uden oder Gewerbeeinheiten verlangt neben einer sauberen und rationellen Ausf\u00fchrung eine perfekte Planung ohne etwaige Abl\u00e4ufe zu st\u00f6ren.<\/p>\n<p>Von schneller Angebotsfertigung, konkreten Absprachen \u00fcber geeignete Produktauswahl bis hin zur termintreuen Ausf\u00fchrung versuchen wir von Beginn an den Grundstein f\u00fcr eine produktive Zusammenarbeit zu legen.[\/vc_toggle][vc_toggle title=&#8220;Angebote&#8220;]Betoninstandsetzung<\/p>\n<p>Renovierungsanstriche<\/p>\n<p>Wasserschadenbeseitigung<\/p>\n<p>Schimmelsanierung<\/p>\n<p>Graffitibeseitigung und \u2013pr\u00e4vention<\/p>\n<p>Wartungsarbeiten[\/vc_toggle][\/vc_accordion_tab][\/vc_accordion][\/vc_column][vc_column width=&#8220;1\/2&#8243;][vc_row_inner el_class=&#8220;center&#8220;][vc_column_inner css=&#8220;.vc_custom_1424841195464{border-top-width: 1px !important;border-right-width: 1px !important;border-bottom-width: 1px !important;border-left-width: 1px !important;padding-top: 10px !important;padding-right: 40px !important;padding-bottom: 10px !important;padding-left: 40px !important;background-color: #fafaf9 !important;border-left-color: #ededed !important;border-left-style: solid !important;border-right-color: #ededed !important;border-right-style: solid !important;border-top-color: #ededed !important;border-top-style: solid !important;border-bottom-color: #ededed !important;border-bottom-style: solid !important;}&#8220;][vc_empty_space height=&#8220;30px&#8220;][vc_separator width=&#8220;80px&#8220; align=&#8220;none&#8220;][vc_single_image image=&#8220;32&#8243; alignment=&#8220;center&#8220;][vc_empty_space height=&#8220;30px&#8220;][\/vc_column_inner][\/vc_row_inner][\/vc_column][\/vc_row][vc_row bg_color=&#8220;#30b9e6&#8243;][vc_column width=&#8220;1\/3&#8243;][\/vc_column][vc_column width=&#8220;1\/3&#8243;][\/vc_column][vc_column width=&#8220;1\/3&#8243;][\/vc_column][\/vc_row][vc_row][vc_column][\/vc_column][\/vc_row]<\/p>\n","protected":false},"excerpt":{"rendered":"<p>[vc_row top=&#8220;180px&#8220; bottom=&#8220;120px&#8220; content_fadeout=&#8220;content-fadeout&#8220; bg_type=&#8220;image&#8220; bg_position=&#8220;&#8220; overlay_pattern=&#8220;sm_cell_b&#8220; overlay_pattern_op=&#8220;0.1&#8243; bg_color=&#8220;#3e4058&#8243; bg_image=&#8220;18&#8243;][vc_column][vc_heading h_size=&#8220;h-extralarge&#8220; title=&#8220;Leistungen&#8220; title_color=&#8220;#ffffff&#8220; subtitle=&#8220;F\u00fcr jeden das Richtige.&#8220; subtitle_color=&#8220;#ffffff&#8220; divider=&#8220;div-between&#8220; divider_type=&#8220;div-narrow-thick&#8220; divider_color=&#8220;#30b9e6&#8243;][\/vc_column][\/vc_row][vc_row top=&#8220;80px&#8220; bottom=&#8220;80px&#8220; bg_color=&#8220;#fafaf9&#8243;][vc_column][vc_heading title=&#8220;Spezialist f\u00fcr klassische und moderne Raumgestaltung&#8220; divider=&#8220;div-between&#8220; divider_color=&#8220;#30b9e6&#8243;][vc_empty_space height=&#8220;20px&#8220;][vc_column_text]Vor jeder Ausf\u00fchrung steht die fachgerechte Beratung und stilsichere Planung Ihres Vorhabens. Zu Gestaltungsm\u00f6glichkeiten fertigen wir daher gerne individuelle Muster zur Veranschaulichung an. Wir planen gemeinsam mit Ihnen in Ruhe und im pers\u00f6nlichen Gespr\u00e4ch vor Ort; auf Wunsch auch mit unseren zuverl\u00e4ssigen Partnern&#8230;  <\/p>\n<div class=\"read-more\"><a class=\"excerpt-read-more\" href=\"https:\/\/may-malermeister.de\/nl\/leistungen\/\" title=\"Continue reading Leistungen\">Read more<i class=\"fa fa-angle-right\"><\/i><\/a><\/div>\n","protected":false},"author":1,"featured_media":0,"parent":0,"menu_order":0,"comment_status":"closed","ping_status":"closed","template":"page-full-width.php","meta":[],"translation":{"provider":"WPGlobus","version":"2.10.4","language":"nl","enabled_languages":["de","en","nl"],"languages":{"de":{"title":true,"content":true,"excerpt":false},"en":{"title":false,"content":false,"excerpt":false},"nl":{"title":false,"content":false,"excerpt":false}}},"_links":{"self":[{"href":"https:\/\/may-malermeister.de\/nl\/wp-json\/wp\/v2\/pages\/7"}],"collection":[{"href":"https:\/\/may-malermeister.de\/nl\/wp-json\/wp\/v2\/pages"}],"about":[{"href":"https:\/\/may-malermeister.de\/nl\/wp-json\/wp\/v2\/types\/page"}],"author":[{"embeddable":true,"href":"https:\/\/may-malermeister.de\/nl\/wp-json\/wp\/v2\/users\/1"}],"replies":[{"embeddable":true,"href":"https:\/\/may-malermeister.de\/nl\/wp-json\/wp\/v2\/comments?post=7"}],"version-history":[{"count":4,"href":"https:\/\/may-malermeister.de\/nl\/wp-json\/wp\/v2\/pages\/7\/revisions"}],"predecessor-version":[{"id":33,"href":"https:\/\/may-malermeister.de\/nl\/wp-json\/wp\/v2\/pages\/7\/revisions\/33"}],"wp:attachment":[{"href":"https:\/\/may-malermeister.de\/nl\/wp-json\/wp\/v2\/media?parent=7"}],"curies":[{"name":"wp","href":"https:\/\/api.w.org\/{rel}","templated":true}]}}