{"id":9,"date":"2016-10-24T10:16:06","date_gmt":"2016-10-24T08:16:06","guid":{"rendered":"http:\/\/may-malermeister.de\/?page_id=9"},"modified":"2022-10-13T15:24:29","modified_gmt":"2022-10-13T13:24:29","slug":"ueber-uns","status":"publish","type":"page","link":"https:\/\/may-malermeister.de\/nl\/ueber-uns\/","title":{"rendered":"\u00dcber uns"},"content":{"rendered":"<p>[vc_row][vc_column][vc_empty_space][vc_column_text]<\/p>\n<h3 style=\"text-align: center;\">\u00dcber uns<\/h3>\n<p>[\/vc_column_text][vc_testimonial_slider style=&#8220;testimonials-style-2&#8243;][\/vc_testimonial_slider][\/vc_column][vc_column width=&#8220;1\/2&#8243;][vc_empty_space height=&#8220;10px&#8220;][vc_column_text]<em>\u00a0<\/em><\/p>\n<p>So unverwechselbar typisch, dass es unsere Begeisterung ist Ihren Auftrag nicht blo\u00df als Arbeit, sondern als vollst\u00e4ndiges Werk zu betrachten.<\/p>\n<p>Das Auge f\u00fcr das Gesamte, sowie sondierte fachliche Ratschl\u00e4ge aber auch der Austausch von geschmacklichen Meinungen, vertreten mit klarer Position, ohne Ihnen nach dem Mund zu reden, ist die Basis des gemeinsamen Erfolges. Denn Ihr Auftrag ist zugleich auch unsere Visitenkarte.[\/vc_column_text][\/vc_column][vc_column width=&#8220;1\/2&#8243;][vc_empty_space height=&#8220;55px&#8220;][vc_single_image image=&#8220;79&#8243; img_size=&#8220;495&#215;300&#8243;][\/vc_column][\/vc_row][vc_row][vc_column][vc_testimonial_slider style=&#8220;testimonials-style-2&#8243;][vc_testimonial name=&#8220;Henry Ford&#8220; author_dec=&#8220;Gr\u00fcnder von Ford&#8220; position=&#8220;Developer&#8220;]Das Geheimnis des Erfolges ist, den Standpunkt des anderen zu verstehen.[\/vc_testimonial][\/vc_testimonial_slider][vc_column_text]Nur durch den Dialog mit Ihnen als Auftraggeber, unsere Hingabe zum Handwerk und die stetige Transparenz gelingt es Vertrauen zu schaffen und letztendlich zusammen zu arbeiten. Dabei ist es v\u00f6llig uninteressant wie gro\u00df \/ klein Ihr Anliegen ist. Getreu unserem Motto: \u201eKein Gew\u00f6lbe zu hoch, kein Auftrag zu klein\u201c widmen wir uns selbst der kleinsten Kleinigkeit mit selben Enthusiasmus wie einem Gro\u00dfprojekt.<\/p>\n<p>Da uns pers\u00f6nliche und individuelle Beratung, sowie Transparenz und Fairness wichtig sind, arbeiten wir grunds\u00e4tzlich nicht &#8211; oder nur von uns unter bestimmten Voraussetzungen ausgew\u00e4hlt &#8211;\u00a0 f\u00fcr Architekten und Generalunternehmer. Weitverbreitete Handhabungen wie zum Beispiel Provisionsabkommen scheinen uns unseri\u00f6s und sind nicht mit unserer Philosophie in Einklang zu bringen.<\/p>\n<p>Seit nun 37 Jahren bewahren wir eine gewisse Linientreue und sind stolz darauf seither vielz\u00e4hlige Kunden, sowohl im privaten als auch gewerblichen Bereich, durch Qualit\u00e4t \u00fcberzeugt zu haben und als die unseren nennen zu d\u00fcrfen.<\/p>\n<p>Von Beginn an ist der Betrieb stets auch der gesellschaftlichen Verantwortung aus \u00dcberzeugung nachgekommen und ist seit jeher Ausbildungsbetrieb. Nur ein gut ausgebildeter und stets weitergebildeter Mitarbeiter kann den Anspr\u00fcchen an Material, Verarbeitung und Wissen dem Kunden gegen\u00fcber gerecht werden. Auch Tugenden wie Ehrlichkeit, P\u00fcnktlichkeit, Sauberkeit und Engagement sind f\u00fcr uns als Familienbetrieb von hoher Bedeutung und zeichnen uns als zuvorkommenden Betrieb aus. Tradition und Leistung in Einklang zu bringen ist daher auch weiterhin unser Ansporn f\u00fcr die Zukunft.[\/vc_column_text][\/vc_column][\/vc_row][vc_row][vc_column][\/vc_column][\/vc_row]<\/p>\n","protected":false},"excerpt":{"rendered":"<p>[vc_row][vc_column][vc_empty_space][vc_column_text] \u00dcber uns [\/vc_column_text][vc_testimonial_slider style=&#8220;testimonials-style-2&#8243;][\/vc_testimonial_slider][\/vc_column][vc_column width=&#8220;1\/2&#8243;][vc_empty_space height=&#8220;10px&#8220;][vc_column_text]\u00a0 So unverwechselbar typisch, dass es unsere Begeisterung ist Ihren Auftrag nicht blo\u00df als Arbeit, sondern als vollst\u00e4ndiges Werk zu betrachten. Das Auge f\u00fcr das Gesamte, sowie sondierte fachliche Ratschl\u00e4ge aber auch der Austausch von geschmacklichen Meinungen, vertreten mit klarer Position, ohne Ihnen nach dem Mund zu reden, ist die Basis des gemeinsamen Erfolges. Denn Ihr Auftrag ist zugleich auch unsere Visitenkarte.[\/vc_column_text][\/vc_column][vc_column width=&#8220;1\/2&#8243;][vc_empty_space height=&#8220;55px&#8220;][vc_single_image image=&#8220;79&#8243; img_size=&#8220;495&#215;300&#8243;][\/vc_column][\/vc_row][vc_row][vc_column][vc_testimonial_slider style=&#8220;testimonials-style-2&#8243;][vc_testimonial name=&#8220;Henry Ford&#8220;&#8230;  <\/p>\n<div class=\"read-more\"><a class=\"excerpt-read-more\" href=\"https:\/\/may-malermeister.de\/nl\/ueber-uns\/\" title=\"Continue reading \u00dcber uns\">Read more<i class=\"fa fa-angle-right\"><\/i><\/a><\/div>\n","protected":false},"author":1,"featured_media":0,"parent":0,"menu_order":0,"comment_status":"closed","ping_status":"closed","template":"","meta":[],"translation":{"provider":"WPGlobus","version":"2.10.4","language":"nl","enabled_languages":["de","en","nl"],"languages":{"de":{"title":true,"content":true,"excerpt":false},"en":{"title":false,"content":false,"excerpt":false},"nl":{"title":false,"content":false,"excerpt":false}}},"_links":{"self":[{"href":"https:\/\/may-malermeister.de\/nl\/wp-json\/wp\/v2\/pages\/9"}],"collection":[{"href":"https:\/\/may-malermeister.de\/nl\/wp-json\/wp\/v2\/pages"}],"about":[{"href":"https:\/\/may-malermeister.de\/nl\/wp-json\/wp\/v2\/types\/page"}],"author":[{"embeddable":true,"href":"https:\/\/may-malermeister.de\/nl\/wp-json\/wp\/v2\/users\/1"}],"replies":[{"embeddable":true,"href":"https:\/\/may-malermeister.de\/nl\/wp-json\/wp\/v2\/comments?post=9"}],"version-history":[{"count":7,"href":"https:\/\/may-malermeister.de\/nl\/wp-json\/wp\/v2\/pages\/9\/revisions"}],"predecessor-version":[{"id":126,"href":"https:\/\/may-malermeister.de\/nl\/wp-json\/wp\/v2\/pages\/9\/revisions\/126"}],"wp:attachment":[{"href":"https:\/\/may-malermeister.de\/nl\/wp-json\/wp\/v2\/media?parent=9"}],"curies":[{"name":"wp","href":"https:\/\/api.w.org\/{rel}","templated":true}]}}